{"id":3274,"date":"2023-12-21T18:28:13","date_gmt":"2023-12-21T17:28:13","guid":{"rendered":"https:\/\/softengweb-90d2a82e0e-cxfthwd4h9efe5c6.z02.azurefd.net\/politica-de-proteccion-de-datos\/"},"modified":"2025-03-03T12:10:25","modified_gmt":"2025-03-03T11:10:25","slug":"politica-de-proteccion-de-datos","status":"publish","type":"page","link":"https:\/\/softengweb-90d2a82e0e-cxfthwd4h9efe5c6.z02.azurefd.net\/en\/data-protection-policy\/","title":{"rendered":"Data protection policy"},"content":{"rendered":"<div class=\"wpb-content-wrapper\"><p>[vc_row el_class=&#8221;politica-proteccion-datos-text&#8221;][vc_column]<div class=\"ult-spacer spacer-69e31ece02529\" data-id=\"69e31ece02529\" data-height=\"50\" data-height-mobile=\"50\" data-height-tab=\"50\" data-height-tab-portrait=\"\" data-height-mobile-landscape=\"\" style=\"clear:both;display:block;\"><\/div>[vc_wp_text el_class=&#8221;textos-legales&#8221;]<\/p>\n<h1>Protecci\u00f3n de datos<\/h1>\n<p>Su privacidad es muy importante para nosotros; mantener su total confianza es nuestro objetivo primordial. Con la informaci\u00f3n que le proporcionamos a continuaci\u00f3n, SOFTENG desea que conozca cu\u00e1l es la pol\u00edtica de privacidad aplicada respecto a sus datos personales.<\/p>\n<h3><\/h3>\n<table>\n<thead>\n<tr>\n<th class=\"text-center\" colspan=\"2\">Informaci\u00f3n b\u00e1sica sobre Protecci\u00f3n de Datos<\/th>\n<\/tr>\n<\/thead>\n<tbody>\n<tr>\n<td><strong>Responsable<\/strong><\/td>\n<td>SOFTENG, S.L.<\/td>\n<\/tr>\n<tr>\n<td><strong>Finalidad<\/strong><\/td>\n<td>Gestionar el env\u00edo de informaci\u00f3n y prospecci\u00f3n comercial<\/td>\n<\/tr>\n<tr>\n<td><strong>Legitimaci\u00f3n<\/strong><\/td>\n<td>Inter\u00e9s leg\u00edtimo, consentimiento o contrato seg\u00fan los interesados.<\/td>\n<\/tr>\n<tr>\n<td><strong>Destinatarios<\/strong><\/td>\n<td>Otras empresas del grupo y encargados del tratamiento que prestan servicio al responsable<\/td>\n<\/tr>\n<tr>\n<td><strong>Derechos<\/strong><\/td>\n<td>Acceder, rectificar y suprimir los datos<\/td>\n<\/tr>\n<\/tbody>\n<\/table>\n<h2>Uso y finalidades de los datos personales recabados<\/h2>\n<p>Le informamos que los datos personales que nos facilite telem\u00e1tica o presencialmente ser\u00e1n destinados a los fines propios de la compa\u00f1\u00eda, relacionados con nuestra administraci\u00f3n general y a informar de los servicios que ofrecemos.<\/p>\n<p>SOFTENG en ning\u00fan caso solicita datos de tipo personal a los usuarios a trav\u00e9s de la web salvo los m\u00ednimos necesarios para la correcta comunicaci\u00f3n entre SOFTENG y el usuario. La informaci\u00f3n de car\u00e1cter personal recabada es empleada para las siguientes finalidades:<\/p>\n<ul>\n<li>Atender, por correo electr\u00f3nico o tel\u00e9fono, las consultas realizadas a trav\u00e9s de los formularios de la web, el correo electr\u00f3nico o su registro de asistencia a un evento de SOFTENG.<\/li>\n<li>Env\u00edo de una newsletter bimensual con informaci\u00f3n sobre productos y servicios de SOFTENG.<\/li>\n<li>Enviar invitaci\u00f3n al evento anual de SOFTENG.<\/li>\n<\/ul>\n<p>En nuestra p\u00e1gina web no hay ning\u00fan enlace que permita la comunicaci\u00f3n de sus datos a cualquier otra entidad o empresa de terceros. Asimismo, le informamos de que sus datos personales no ser\u00e1n segmentados ni utilizados con otros fines que no sean la mera informaci\u00f3n de los servicios y de las actividades que SOFTENG ofrece y que pretendemos que sean de su utilidad.<\/p>\n<p>El usuario responder\u00e1, en cualquier caso, de la veracidad de los datos facilitados, y SOFTENG se reserva el derecho a excluir de los servicios registrados a cualquier usuario que haya facilitado datos falsos, sin perjuicios de las dem\u00e1s acciones legales.<\/p>\n<h2>Seguridad de la informaci\u00f3n<\/h2>\n<p>SOFTENG cumple todos los requisitos establecidos por la normativa vigente en materia de protecci\u00f3n de datos personales, y todos los datos bajo nuestra responsabilidad ser\u00e1n tratados conforme a las exigencias legales, manteni\u00e9ndose las medidas de seguridad debidas, tanto t\u00e9cnicas como organizativas, que garanticen su confidencialidad y la protecci\u00f3n de sus datos personales.<\/p>\n<h2>Derechos sobre sus datos personales<\/h2>\n<p>Si desea ejercitar sus derechos de acceso, rectificaci\u00f3n, limitaci\u00f3n, oposici\u00f3n o supresi\u00f3n, puede usted dirigirse de las siguientes maneras:<\/p>\n<p>-Por escrito a SOFTENG, con domicilio en el n\u00famero 89, 6\u00aa planta, de la calle Pau Claris, 08010, de Barcelona, indicando en el sobre \u00abPol\u00edtica de privacidad\u00bb,<br \/>\n-Por correo electr\u00f3nico indicando en el asunto \u00abPol\u00edtica de privacidad\u00bb, a trav\u00e9s de la direcci\u00f3n cumplimiento@softengweb-90d2a82e0e-cxfthwd4h9efe5c6.z02.azurefd.net<br \/>\n-Iniciar una reclamaci\u00f3n ante la autoridad de control Agencia espa\u00f1ola de protecci\u00f3n de datos<\/p>\n<h2>Aviso para Cookies<\/h2>\n<p>SOFTENG recoge informaci\u00f3n de tipo estad\u00edstico en los env\u00edos de correos electr\u00f3nicos con el fin de valorar el \u00e9xito de sus campa\u00f1as. Estas estad\u00edsticas son de uso interno de SOFTENG y en ning\u00fan caso se ceder\u00e1n a terceros.<\/p>\n<p>Por todo ello, entendemos que en el supuesto de que nos facilite sus datos nos concede su autorizaci\u00f3n expresa para realizar un tratamiento de los mismos conforme a lo descrito m\u00e1s arriba, y que, en cualquier momento, puede revocar la citada autorizaci\u00f3n. (Observe que si utiliza la configuraci\u00f3n de su navegador para bloquear todas las cookies es posible que no pueda a acceder a determinadas secciones de nuestro sitio web.)<\/p>\n<p>Los siguientes sitios web ofrecen informaci\u00f3n para configurar las cookies en algunos de los navegadores m\u00e1s conocidos:<\/p>\n<p>Apple Safari<br \/>\nGoogle Chrome<br \/>\nMicrosoft Edge<br \/>\nMicrosoft Internet Explorer<br \/>\nMozilla Firefox<\/p>\n<p>Para darse de baja de las cookies anal\u00edticas de Google Analytics visite http:\/\/tools.google.com\/dlpage\/gaoptout<\/p>\n<h2>Proveedores terceros<\/h2>\n<p>SOFTENG utiliza proveedores terceros para recabar y tratar los datos personales por nuestra cuenta. Nuestra pr\u00e1ctica consiste en exigir que dichos proveedores manejen los datos personales conforme a la pol\u00edtica de protecci\u00f3n de datos vigente.[\/vc_wp_text]<div class=\"ult-spacer spacer-69e31ece0258e\" data-id=\"69e31ece0258e\" data-height=\"95\" data-height-mobile=\"95\" data-height-tab=\"95\" data-height-tab-portrait=\"\" data-height-mobile-landscape=\"\" style=\"clear:both;display:block;\"><\/div>[\/vc_column][\/vc_row]<\/p>\n<\/div>","protected":false},"excerpt":{"rendered":"<p>[vc_row el_class=&#8221;politica-proteccion-datos-text&#8221;][vc_column][vc_wp_text el_class=&#8221;textos-legales&#8221;] Protecci\u00f3n de datos Su privacidad es muy importante para nosotros; mantener su total confianza es nuestro objetivo primordial. Con la informaci\u00f3n que le proporcionamos a continuaci\u00f3n, SOFTENG desea que conozca cu\u00e1l es la pol\u00edtica de privacidad aplicada respecto a sus datos personales. Informaci\u00f3n b\u00e1sica sobre Protecci\u00f3n de Datos Responsable SOFTENG, S.L. Finalidad [&hellip;]<\/p>\n","protected":false},"author":2,"featured_media":0,"parent":0,"menu_order":0,"comment_status":"closed","ping_status":"closed","template":"","meta":{"_acf_changed":false,"footnotes":""},"class_list":["post-3274","page","type-page","status-publish","hentry"],"acf":[],"yoast_head":"<!-- This site is optimized with the Yoast SEO plugin v27.2 - https:\/\/yoast.com\/product\/yoast-seo-wordpress\/ -->\n<title>Data protection policy - Softeng<\/title>\n<meta name=\"robots\" content=\"noindex, follow, max-snippet:-1, max-image-preview:large, max-video-preview:-1\" \/>\n<meta property=\"og:locale\" content=\"en_US\" \/>\n<meta property=\"og:type\" content=\"article\" \/>\n<meta property=\"og:title\" content=\"Data protection policy - Softeng\" \/>\n<meta property=\"og:description\" content=\"[vc_row el_class=&#8221;politica-proteccion-datos-text&#8221;][vc_column][vc_wp_text el_class=&#8221;textos-legales&#8221;] Protecci\u00f3n de datos Su privacidad es muy importante para nosotros; mantener su total confianza es nuestro objetivo primordial. Con la informaci\u00f3n que le proporcionamos a continuaci\u00f3n, SOFTENG desea que conozca cu\u00e1l es la pol\u00edtica de privacidad aplicada respecto a sus datos personales. Informaci\u00f3n b\u00e1sica sobre Protecci\u00f3n de Datos Responsable SOFTENG, S.L. Finalidad [&hellip;]\" \/>\n<meta property=\"og:url\" content=\"https:\/\/softengweb-90d2a82e0e-cxfthwd4h9efe5c6.z02.azurefd.net\/en\/data-protection-policy\/\" \/>\n<meta property=\"og:site_name\" content=\"Softeng\" \/>\n<meta property=\"article:modified_time\" content=\"2025-03-03T11:10:25+00:00\" \/>\n<meta name=\"twitter:card\" content=\"summary_large_image\" \/>\n<meta name=\"twitter:label1\" content=\"Est. reading time\" \/>\n\t<meta name=\"twitter:data1\" content=\"4 minutes\" \/>\n<script type=\"application\/ld+json\" class=\"yoast-schema-graph\">{\"@context\":\"https:\/\/schema.org\",\"@graph\":[{\"@type\":\"WebPage\",\"@id\":\"https:\/\/softengweb-90d2a82e0e-cxfthwd4h9efe5c6.z02.azurefd.net\/en\/data-protection-policy\/\",\"url\":\"https:\/\/softengweb-90d2a82e0e-cxfthwd4h9efe5c6.z02.azurefd.net\/en\/data-protection-policy\/\",\"name\":\"Data protection policy - Softeng\",\"isPartOf\":{\"@id\":\"https:\/\/softengweb-90d2a82e0e-cxfthwd4h9efe5c6.z02.azurefd.net\/en\/#website\"},\"datePublished\":\"2023-12-21T17:28:13+00:00\",\"dateModified\":\"2025-03-03T11:10:25+00:00\",\"breadcrumb\":{\"@id\":\"https:\/\/softengweb-90d2a82e0e-cxfthwd4h9efe5c6.z02.azurefd.net\/en\/data-protection-policy\/#breadcrumb\"},\"inLanguage\":\"en-US\",\"potentialAction\":[{\"@type\":\"ReadAction\",\"target\":[\"https:\/\/softengweb-90d2a82e0e-cxfthwd4h9efe5c6.z02.azurefd.net\/en\/data-protection-policy\/\"]}]},{\"@type\":\"BreadcrumbList\",\"@id\":\"https:\/\/softengweb-90d2a82e0e-cxfthwd4h9efe5c6.z02.azurefd.net\/en\/data-protection-policy\/#breadcrumb\",\"itemListElement\":[{\"@type\":\"ListItem\",\"position\":1,\"name\":\"Home\",\"item\":\"https:\/\/softengweb-90d2a82e0e-cxfthwd4h9efe5c6.z02.azurefd.net\/en\/\"},{\"@type\":\"ListItem\",\"position\":2,\"name\":\"Data protection policy\"}]},{\"@type\":\"WebSite\",\"@id\":\"https:\/\/softengweb-90d2a82e0e-cxfthwd4h9efe5c6.z02.azurefd.net\/en\/#website\",\"url\":\"https:\/\/softengweb-90d2a82e0e-cxfthwd4h9efe5c6.z02.azurefd.net\/en\/\",\"name\":\"Softeng\",\"description\":\"Softeng | Maximize the cloud. Securely.\",\"publisher\":{\"@id\":\"https:\/\/softengweb-90d2a82e0e-cxfthwd4h9efe5c6.z02.azurefd.net\/en\/#organization\"},\"potentialAction\":[{\"@type\":\"SearchAction\",\"target\":{\"@type\":\"EntryPoint\",\"urlTemplate\":\"https:\/\/softengweb-90d2a82e0e-cxfthwd4h9efe5c6.z02.azurefd.net\/en\/?s={search_term_string}\"},\"query-input\":{\"@type\":\"PropertyValueSpecification\",\"valueRequired\":true,\"valueName\":\"search_term_string\"}}],\"inLanguage\":\"en-US\"},{\"@type\":\"Organization\",\"@id\":\"https:\/\/softengweb-90d2a82e0e-cxfthwd4h9efe5c6.z02.azurefd.net\/en\/#organization\",\"name\":\"Softeng\",\"url\":\"https:\/\/softengweb-90d2a82e0e-cxfthwd4h9efe5c6.z02.azurefd.net\/en\/\",\"logo\":{\"@type\":\"ImageObject\",\"inLanguage\":\"en-US\",\"@id\":\"https:\/\/softengweb-90d2a82e0e-cxfthwd4h9efe5c6.z02.azurefd.net\/en\/#\/schema\/logo\/image\/\",\"url\":\"\/wp-content\/uploads\/2024\/11\/Logotipo-para-SEOYoast.png\",\"contentUrl\":\"\/wp-content\/uploads\/2024\/11\/Logotipo-para-SEOYoast.png\",\"width\":696,\"height\":696,\"caption\":\"Softeng\"},\"image\":{\"@id\":\"https:\/\/softengweb-90d2a82e0e-cxfthwd4h9efe5c6.z02.azurefd.net\/en\/#\/schema\/logo\/image\/\"},\"sameAs\":[\"https:\/\/www.linkedin.com\/company\/softeng\/\",\"https:\/\/www.youtube.com\/@SoftengSL\"]}]}<\/script>\n<!-- \/ Yoast SEO plugin. -->","yoast_head_json":{"title":"Data protection policy - Softeng","robots":{"index":"noindex","follow":"follow","max-snippet":"max-snippet:-1","max-image-preview":"max-image-preview:large","max-video-preview":"max-video-preview:-1"},"og_locale":"en_US","og_type":"article","og_title":"Data protection policy - Softeng","og_description":"[vc_row el_class=&#8221;politica-proteccion-datos-text&#8221;][vc_column][vc_wp_text el_class=&#8221;textos-legales&#8221;] Protecci\u00f3n de datos Su privacidad es muy importante para nosotros; mantener su total confianza es nuestro objetivo primordial. Con la informaci\u00f3n que le proporcionamos a continuaci\u00f3n, SOFTENG desea que conozca cu\u00e1l es la pol\u00edtica de privacidad aplicada respecto a sus datos personales. Informaci\u00f3n b\u00e1sica sobre Protecci\u00f3n de Datos Responsable SOFTENG, S.L. Finalidad [&hellip;]","og_url":"https:\/\/softengweb-90d2a82e0e-cxfthwd4h9efe5c6.z02.azurefd.net\/en\/data-protection-policy\/","og_site_name":"Softeng","article_modified_time":"2025-03-03T11:10:25+00:00","twitter_card":"summary_large_image","twitter_misc":{"Est. reading time":"4 minutes"},"schema":{"@context":"https:\/\/schema.org","@graph":[{"@type":"WebPage","@id":"https:\/\/softengweb-90d2a82e0e-cxfthwd4h9efe5c6.z02.azurefd.net\/en\/data-protection-policy\/","url":"https:\/\/softengweb-90d2a82e0e-cxfthwd4h9efe5c6.z02.azurefd.net\/en\/data-protection-policy\/","name":"Data protection policy - Softeng","isPartOf":{"@id":"https:\/\/softengweb-90d2a82e0e-cxfthwd4h9efe5c6.z02.azurefd.net\/en\/#website"},"datePublished":"2023-12-21T17:28:13+00:00","dateModified":"2025-03-03T11:10:25+00:00","breadcrumb":{"@id":"https:\/\/softengweb-90d2a82e0e-cxfthwd4h9efe5c6.z02.azurefd.net\/en\/data-protection-policy\/#breadcrumb"},"inLanguage":"en-US","potentialAction":[{"@type":"ReadAction","target":["https:\/\/softengweb-90d2a82e0e-cxfthwd4h9efe5c6.z02.azurefd.net\/en\/data-protection-policy\/"]}]},{"@type":"BreadcrumbList","@id":"https:\/\/softengweb-90d2a82e0e-cxfthwd4h9efe5c6.z02.azurefd.net\/en\/data-protection-policy\/#breadcrumb","itemListElement":[{"@type":"ListItem","position":1,"name":"Home","item":"https:\/\/softengweb-90d2a82e0e-cxfthwd4h9efe5c6.z02.azurefd.net\/en\/"},{"@type":"ListItem","position":2,"name":"Data protection policy"}]},{"@type":"WebSite","@id":"https:\/\/softengweb-90d2a82e0e-cxfthwd4h9efe5c6.z02.azurefd.net\/en\/#website","url":"https:\/\/softengweb-90d2a82e0e-cxfthwd4h9efe5c6.z02.azurefd.net\/en\/","name":"Softeng","description":"Softeng | Maximize the cloud. Securely.","publisher":{"@id":"https:\/\/softengweb-90d2a82e0e-cxfthwd4h9efe5c6.z02.azurefd.net\/en\/#organization"},"potentialAction":[{"@type":"SearchAction","target":{"@type":"EntryPoint","urlTemplate":"https:\/\/softengweb-90d2a82e0e-cxfthwd4h9efe5c6.z02.azurefd.net\/en\/?s={search_term_string}"},"query-input":{"@type":"PropertyValueSpecification","valueRequired":true,"valueName":"search_term_string"}}],"inLanguage":"en-US"},{"@type":"Organization","@id":"https:\/\/softengweb-90d2a82e0e-cxfthwd4h9efe5c6.z02.azurefd.net\/en\/#organization","name":"Softeng","url":"https:\/\/softengweb-90d2a82e0e-cxfthwd4h9efe5c6.z02.azurefd.net\/en\/","logo":{"@type":"ImageObject","inLanguage":"en-US","@id":"https:\/\/softengweb-90d2a82e0e-cxfthwd4h9efe5c6.z02.azurefd.net\/en\/#\/schema\/logo\/image\/","url":"\/wp-content\/uploads\/2024\/11\/Logotipo-para-SEOYoast.png","contentUrl":"\/wp-content\/uploads\/2024\/11\/Logotipo-para-SEOYoast.png","width":696,"height":696,"caption":"Softeng"},"image":{"@id":"https:\/\/softengweb-90d2a82e0e-cxfthwd4h9efe5c6.z02.azurefd.net\/en\/#\/schema\/logo\/image\/"},"sameAs":["https:\/\/www.linkedin.com\/company\/softeng\/","https:\/\/www.youtube.com\/@SoftengSL"]}]}},"_links":{"self":[{"href":"https:\/\/softengweb-90d2a82e0e-cxfthwd4h9efe5c6.z02.azurefd.net\/en\/wp-json\/wp\/v2\/pages\/3274","targetHints":{"allow":["GET"]}}],"collection":[{"href":"https:\/\/softengweb-90d2a82e0e-cxfthwd4h9efe5c6.z02.azurefd.net\/en\/wp-json\/wp\/v2\/pages"}],"about":[{"href":"https:\/\/softengweb-90d2a82e0e-cxfthwd4h9efe5c6.z02.azurefd.net\/en\/wp-json\/wp\/v2\/types\/page"}],"author":[{"embeddable":true,"href":"https:\/\/softengweb-90d2a82e0e-cxfthwd4h9efe5c6.z02.azurefd.net\/en\/wp-json\/wp\/v2\/users\/2"}],"replies":[{"embeddable":true,"href":"https:\/\/softengweb-90d2a82e0e-cxfthwd4h9efe5c6.z02.azurefd.net\/en\/wp-json\/wp\/v2\/comments?post=3274"}],"version-history":[{"count":1,"href":"https:\/\/softengweb-90d2a82e0e-cxfthwd4h9efe5c6.z02.azurefd.net\/en\/wp-json\/wp\/v2\/pages\/3274\/revisions"}],"predecessor-version":[{"id":38313,"href":"https:\/\/softengweb-90d2a82e0e-cxfthwd4h9efe5c6.z02.azurefd.net\/en\/wp-json\/wp\/v2\/pages\/3274\/revisions\/38313"}],"wp:attachment":[{"href":"https:\/\/softengweb-90d2a82e0e-cxfthwd4h9efe5c6.z02.azurefd.net\/en\/wp-json\/wp\/v2\/media?parent=3274"}],"curies":[{"name":"wp","href":"https:\/\/api.w.org\/{rel}","templated":true}]}}