{"id":3273,"date":"2023-12-21T16:05:12","date_gmt":"2023-12-21T15:05:12","guid":{"rendered":"https:\/\/softengweb-90d2a82e0e-cxfthwd4h9efe5c6.z02.azurefd.net\/aviso-legal\/"},"modified":"2025-03-03T12:06:42","modified_gmt":"2025-03-03T11:06:42","slug":"aviso-legal","status":"publish","type":"page","link":"https:\/\/softengweb-90d2a82e0e-cxfthwd4h9efe5c6.z02.azurefd.net\/en\/aviso-legal\/","title":{"rendered":"Aviso Legal"},"content":{"rendered":"<div class=\"wpb-content-wrapper\"><p>[vc_row][vc_column width=&#8221;1\/6&#8243;][\/vc_column][vc_column width=&#8221;2\/3&#8243;]<div class=\"ult-spacer spacer-69e3374e8137b\" data-id=\"69e3374e8137b\" data-height=\"50\" data-height-mobile=\"50\" data-height-tab=\"50\" data-height-tab-portrait=\"\" data-height-mobile-landscape=\"\" style=\"clear:both;display:block;\"><\/div>[vc_wp_text el_class=&#8221;textos-legales&#8221;]<\/p>\n<h1>Aviso legal<\/h1>\n<h2>1. Condiciones generales<\/h2>\n<p>El sitio web\u00a0<a href=\"https:\/\/softengweb-90d2a82e0e-cxfthwd4h9efe5c6.z02.azurefd.net\/en\/\">softeng.es<\/a>\u00a0es un dominio en Internet de titularidad de SOFTENG. Los contenidos, la organizaci\u00f3n y la elecci\u00f3n de enlaces han sido dirigidos por la Direcci\u00f3n de Programas de SOFTENG.<\/p>\n<p>Se\u00a0<strong>proh\u00edbe la reproducci\u00f3n<\/strong>\u00a0total o parcial de los contenidos de esta web sin citar su origen o sin autorizaci\u00f3n.<\/p>\n<h2>Informaci\u00f3n general<\/h2>\n<p>En cumplimiento de la Ley 34\/2002, de Servicios de la Sociedad de la Informaci\u00f3n y de Comercio Electr\u00f3nico, en especial de lo dispuesto en su art\u00edculo 10, le informamos de los datos identificativos siguientes:<\/p>\n<p>SOFTENG<br \/>\nPau Clar\u00eds, 89 , 6\u00aa pl.<br \/>\n08010 Barcelona ESPA\u00d1A<br \/>\nTel\u00e9fono: +34 932375911<br \/>\nCIF n\u00fam.: B61279980<\/p>\n<p>La reproducci\u00f3n, copia \u2013ya sea parcial o total\u2013, distribuci\u00f3n, comercializaci\u00f3n, comunicaci\u00f3n p\u00fablica o cualquier otra actividad que pueda realizarse con los contenidos y la informaci\u00f3n de esta p\u00e1gina web sin haber obtenido la autorizaci\u00f3n expresa de SOFTENG, son infracciones castigadas por la legislaci\u00f3n vigente.<\/p>\n<p>SOFTENG se reserva el derecho de actualizar los contenidos de la p\u00e1gina web y de eliminarlos, as\u00ed como limitar e impedir el acceso a los mismos, ya sea temporal o definitivamente, sin notificaci\u00f3n previa.<\/p>\n<p>El uso de esta p\u00e1gina web atribuye la condici\u00f3n de usuario de la p\u00e1gina web (de ahora en adelante el usuario) e implica la aceptaci\u00f3n plena y sin reservas de todas y cada una de las disposiciones incluidas en este aviso legal, en la versi\u00f3n publicada por SOFTENG, en el mismo momento en que el usuario acceda a la p\u00e1gina web.<\/p>\n<p>El usuario se compromete a utilizar la p\u00e1gina web, sus contenidos y servicios, de conformidad con la ley, con este aviso legal, con las condiciones particulares de ciertos servicios y con los dem\u00e1s avisos, reglamentos de uso e instrucciones puestos para el conocimiento de la usuaria, as\u00ed como con la moral y las buenas costumbres generalmente aceptadas y el orden p\u00fablico. A este efecto, el usuario debe abstenerse de usar cualquiera de los servicios con fines o efectos il\u00edcitos, prohibidos y lesivos de los derechos e intereses de terceras personas.<\/p>\n<p>La responsabilidad del uso de la informaci\u00f3n contenida en la p\u00e1gina web es del usuario.<\/p>\n<h2>2. Enlaces<\/h2>\n<p>SOFTENG rechaza cualquier responsabilidad acerca de la informaci\u00f3n contenida en p\u00e1ginas web no elaboradas por SOFTENG y, especialmente, acerca de los contenidos de los enlaces publicados en su p\u00e1gina web. La funci\u00f3n de los enlaces que aparecen es exclusivamente la de informar al usuario de la existencia de otras fuentes de informaci\u00f3n sobre un material en Internet.<\/p>\n<h2>3. Responsabilidades<\/h2>\n<p>SOFTENG queda eximido de cualquier responsabilidad por da\u00f1os y perjuicios de toda naturaleza que puedan derivarse de la captaci\u00f3n y el uso por parte de terceras personas de las informaciones, la publicidad y de opiniones facilitadas por las personas usuarias de la p\u00e1gina web.<\/p>\n<p>SOFTENG no se hace responsable en ning\u00fan caso de los contenidos, las informaciones o las im\u00e1genes que no dependan de la p\u00e1gina web, ni est\u00e9n gestionados por SOFTENG.<\/p>\n<p>La informaci\u00f3n contenida en esta web puede no ser correcta, a pesar de los esfuerzos realizados para velar por su veracidad y actualizaci\u00f3n.<\/p>\n<p>SOFTENG se reserva el derecho a modificar, actualizar o suprimir cualquiera de los contenidos de la web sin notificaci\u00f3n previa.<\/p>\n<p>SOFTENG no se responsabiliza de los da\u00f1os y perjuicios ocasionados en el sistema de los usuarios del sitio web, ya que no puede garantizar la inexistencia de virus u otros elementos lesivos en sus contenidos.<\/p>\n<h2>4. Traducci\u00f3n autom\u00e1tica a otros idiomas<\/h2>\n<p>\u00c9sta web utiliza un sistema de traducci\u00f3n autom\u00e1tica en tiempo real.<\/p>\n<p>El idioma principal localizado por nuestro departamento de marketing es el espa\u00f1ol y para el resto de idiomas se traduce de forma automatizada. Por tanto, es posible que en algunos casos existan peque\u00f1as diferencias atribuibles a la no intervenci\u00f3n humana, aunque el nivel de precisi\u00f3n obtenido es muy alto.<\/p>\n<h2>5. Ley aplicable y jurisdicci\u00f3n<\/h2>\n<p>Estas condiciones generales, as\u00ed como las condiciones particulares de cualquiera de los servicios de este portal, se rigen por la ley espa\u00f1ola. En caso de conflicto o reclamaci\u00f3n con relaci\u00f3n a esta web, las partes se someten, con renuncia a cualquier otro fuero, al arbitraje institucional de derecho del Tribunal Arbitral de Barcelona, de la Asociaci\u00f3n Catalana para el Arbitraje, al que se encarga la designaci\u00f3n del \u00e1rbitro o \u00e1rbitros y la administraci\u00f3n de arbitraje, y se obligan desde ahora al cumplimiento de la decisi\u00f3n arbitral.[\/vc_wp_text]<div class=\"ult-spacer spacer-69e3374e813c2\" data-id=\"69e3374e813c2\" data-height=\"95\" data-height-mobile=\"95\" data-height-tab=\"95\" data-height-tab-portrait=\"\" data-height-mobile-landscape=\"\" style=\"clear:both;display:block;\"><\/div>[\/vc_column][vc_column width=&#8221;1\/6&#8243;][\/vc_column][\/vc_row]<\/p>\n<\/div>","protected":false},"excerpt":{"rendered":"<p>[vc_row][vc_column width=&#8221;1\/6&#8243;][\/vc_column][vc_column width=&#8221;2\/3&#8243;][vc_wp_text el_class=&#8221;textos-legales&#8221;] Aviso legal 1. Condiciones generales El sitio web\u00a0softeng.es\u00a0es un dominio en Internet de titularidad de SOFTENG. Los contenidos, la organizaci\u00f3n y la elecci\u00f3n de enlaces han sido dirigidos por la Direcci\u00f3n de Programas de SOFTENG. Se\u00a0proh\u00edbe la reproducci\u00f3n\u00a0total o parcial de los contenidos de esta web sin citar su origen o [&hellip;]<\/p>\n","protected":false},"author":2,"featured_media":0,"parent":0,"menu_order":0,"comment_status":"closed","ping_status":"closed","template":"","meta":{"_acf_changed":false,"footnotes":""},"class_list":["post-3273","page","type-page","status-publish","hentry"],"acf":[],"yoast_head":"<!-- This site is optimized with the Yoast SEO plugin v27.2 - https:\/\/yoast.com\/product\/yoast-seo-wordpress\/ -->\n<title>Aviso Legal - Softeng<\/title>\n<meta name=\"robots\" content=\"noindex, follow, max-snippet:-1, max-image-preview:large, max-video-preview:-1\" \/>\n<meta property=\"og:locale\" content=\"en_US\" \/>\n<meta property=\"og:type\" content=\"article\" \/>\n<meta property=\"og:title\" content=\"Aviso Legal - Softeng\" \/>\n<meta property=\"og:description\" content=\"[vc_row][vc_column width=&#8221;1\/6&#8243;][\/vc_column][vc_column width=&#8221;2\/3&#8243;][vc_wp_text el_class=&#8221;textos-legales&#8221;] Aviso legal 1. Condiciones generales El sitio web\u00a0softeng.es\u00a0es un dominio en Internet de titularidad de SOFTENG. Los contenidos, la organizaci\u00f3n y la elecci\u00f3n de enlaces han sido dirigidos por la Direcci\u00f3n de Programas de SOFTENG. Se\u00a0proh\u00edbe la reproducci\u00f3n\u00a0total o parcial de los contenidos de esta web sin citar su origen o [&hellip;]\" \/>\n<meta property=\"og:url\" content=\"https:\/\/softengweb-90d2a82e0e-cxfthwd4h9efe5c6.z02.azurefd.net\/en\/aviso-legal\/\" \/>\n<meta property=\"og:site_name\" content=\"Softeng\" \/>\n<meta property=\"article:modified_time\" content=\"2025-03-03T11:06:42+00:00\" \/>\n<meta name=\"twitter:card\" content=\"summary_large_image\" \/>\n<meta name=\"twitter:label1\" content=\"Est. reading time\" \/>\n\t<meta name=\"twitter:data1\" content=\"4 minutes\" \/>\n<script type=\"application\/ld+json\" class=\"yoast-schema-graph\">{\"@context\":\"https:\/\/schema.org\",\"@graph\":[{\"@type\":\"WebPage\",\"@id\":\"https:\/\/softengweb-90d2a82e0e-cxfthwd4h9efe5c6.z02.azurefd.net\/en\/aviso-legal\/\",\"url\":\"https:\/\/softengweb-90d2a82e0e-cxfthwd4h9efe5c6.z02.azurefd.net\/en\/aviso-legal\/\",\"name\":\"Aviso Legal - Softeng\",\"isPartOf\":{\"@id\":\"https:\/\/softengweb-90d2a82e0e-cxfthwd4h9efe5c6.z02.azurefd.net\/en\/#website\"},\"datePublished\":\"2023-12-21T15:05:12+00:00\",\"dateModified\":\"2025-03-03T11:06:42+00:00\",\"breadcrumb\":{\"@id\":\"https:\/\/softengweb-90d2a82e0e-cxfthwd4h9efe5c6.z02.azurefd.net\/en\/aviso-legal\/#breadcrumb\"},\"inLanguage\":\"en-US\",\"potentialAction\":[{\"@type\":\"ReadAction\",\"target\":[\"https:\/\/softengweb-90d2a82e0e-cxfthwd4h9efe5c6.z02.azurefd.net\/en\/aviso-legal\/\"]}]},{\"@type\":\"BreadcrumbList\",\"@id\":\"https:\/\/softengweb-90d2a82e0e-cxfthwd4h9efe5c6.z02.azurefd.net\/en\/aviso-legal\/#breadcrumb\",\"itemListElement\":[{\"@type\":\"ListItem\",\"position\":1,\"name\":\"Home\",\"item\":\"https:\/\/softengweb-90d2a82e0e-cxfthwd4h9efe5c6.z02.azurefd.net\/en\/\"},{\"@type\":\"ListItem\",\"position\":2,\"name\":\"Aviso Legal\"}]},{\"@type\":\"WebSite\",\"@id\":\"https:\/\/softengweb-90d2a82e0e-cxfthwd4h9efe5c6.z02.azurefd.net\/en\/#website\",\"url\":\"https:\/\/softengweb-90d2a82e0e-cxfthwd4h9efe5c6.z02.azurefd.net\/en\/\",\"name\":\"Softeng\",\"description\":\"Softeng | Maximize the cloud. Securely.\",\"publisher\":{\"@id\":\"https:\/\/softengweb-90d2a82e0e-cxfthwd4h9efe5c6.z02.azurefd.net\/en\/#organization\"},\"potentialAction\":[{\"@type\":\"SearchAction\",\"target\":{\"@type\":\"EntryPoint\",\"urlTemplate\":\"https:\/\/softengweb-90d2a82e0e-cxfthwd4h9efe5c6.z02.azurefd.net\/en\/?s={search_term_string}\"},\"query-input\":{\"@type\":\"PropertyValueSpecification\",\"valueRequired\":true,\"valueName\":\"search_term_string\"}}],\"inLanguage\":\"en-US\"},{\"@type\":\"Organization\",\"@id\":\"https:\/\/softengweb-90d2a82e0e-cxfthwd4h9efe5c6.z02.azurefd.net\/en\/#organization\",\"name\":\"Softeng\",\"url\":\"https:\/\/softengweb-90d2a82e0e-cxfthwd4h9efe5c6.z02.azurefd.net\/en\/\",\"logo\":{\"@type\":\"ImageObject\",\"inLanguage\":\"en-US\",\"@id\":\"https:\/\/softengweb-90d2a82e0e-cxfthwd4h9efe5c6.z02.azurefd.net\/en\/#\/schema\/logo\/image\/\",\"url\":\"\/wp-content\/uploads\/2024\/11\/Logotipo-para-SEOYoast.png\",\"contentUrl\":\"\/wp-content\/uploads\/2024\/11\/Logotipo-para-SEOYoast.png\",\"width\":696,\"height\":696,\"caption\":\"Softeng\"},\"image\":{\"@id\":\"https:\/\/softengweb-90d2a82e0e-cxfthwd4h9efe5c6.z02.azurefd.net\/en\/#\/schema\/logo\/image\/\"},\"sameAs\":[\"https:\/\/www.linkedin.com\/company\/softeng\/\",\"https:\/\/www.youtube.com\/@SoftengSL\"]}]}<\/script>\n<!-- \/ Yoast SEO plugin. -->","yoast_head_json":{"title":"Aviso Legal - Softeng","robots":{"index":"noindex","follow":"follow","max-snippet":"max-snippet:-1","max-image-preview":"max-image-preview:large","max-video-preview":"max-video-preview:-1"},"og_locale":"en_US","og_type":"article","og_title":"Aviso Legal - Softeng","og_description":"[vc_row][vc_column width=&#8221;1\/6&#8243;][\/vc_column][vc_column width=&#8221;2\/3&#8243;][vc_wp_text el_class=&#8221;textos-legales&#8221;] Aviso legal 1. Condiciones generales El sitio web\u00a0softeng.es\u00a0es un dominio en Internet de titularidad de SOFTENG. Los contenidos, la organizaci\u00f3n y la elecci\u00f3n de enlaces han sido dirigidos por la Direcci\u00f3n de Programas de SOFTENG. Se\u00a0proh\u00edbe la reproducci\u00f3n\u00a0total o parcial de los contenidos de esta web sin citar su origen o [&hellip;]","og_url":"https:\/\/softengweb-90d2a82e0e-cxfthwd4h9efe5c6.z02.azurefd.net\/en\/aviso-legal\/","og_site_name":"Softeng","article_modified_time":"2025-03-03T11:06:42+00:00","twitter_card":"summary_large_image","twitter_misc":{"Est. reading time":"4 minutes"},"schema":{"@context":"https:\/\/schema.org","@graph":[{"@type":"WebPage","@id":"https:\/\/softengweb-90d2a82e0e-cxfthwd4h9efe5c6.z02.azurefd.net\/en\/aviso-legal\/","url":"https:\/\/softengweb-90d2a82e0e-cxfthwd4h9efe5c6.z02.azurefd.net\/en\/aviso-legal\/","name":"Aviso Legal - Softeng","isPartOf":{"@id":"https:\/\/softengweb-90d2a82e0e-cxfthwd4h9efe5c6.z02.azurefd.net\/en\/#website"},"datePublished":"2023-12-21T15:05:12+00:00","dateModified":"2025-03-03T11:06:42+00:00","breadcrumb":{"@id":"https:\/\/softengweb-90d2a82e0e-cxfthwd4h9efe5c6.z02.azurefd.net\/en\/aviso-legal\/#breadcrumb"},"inLanguage":"en-US","potentialAction":[{"@type":"ReadAction","target":["https:\/\/softengweb-90d2a82e0e-cxfthwd4h9efe5c6.z02.azurefd.net\/en\/aviso-legal\/"]}]},{"@type":"BreadcrumbList","@id":"https:\/\/softengweb-90d2a82e0e-cxfthwd4h9efe5c6.z02.azurefd.net\/en\/aviso-legal\/#breadcrumb","itemListElement":[{"@type":"ListItem","position":1,"name":"Home","item":"https:\/\/softengweb-90d2a82e0e-cxfthwd4h9efe5c6.z02.azurefd.net\/en\/"},{"@type":"ListItem","position":2,"name":"Aviso Legal"}]},{"@type":"WebSite","@id":"https:\/\/softengweb-90d2a82e0e-cxfthwd4h9efe5c6.z02.azurefd.net\/en\/#website","url":"https:\/\/softengweb-90d2a82e0e-cxfthwd4h9efe5c6.z02.azurefd.net\/en\/","name":"Softeng","description":"Softeng | Maximize the cloud. Securely.","publisher":{"@id":"https:\/\/softengweb-90d2a82e0e-cxfthwd4h9efe5c6.z02.azurefd.net\/en\/#organization"},"potentialAction":[{"@type":"SearchAction","target":{"@type":"EntryPoint","urlTemplate":"https:\/\/softengweb-90d2a82e0e-cxfthwd4h9efe5c6.z02.azurefd.net\/en\/?s={search_term_string}"},"query-input":{"@type":"PropertyValueSpecification","valueRequired":true,"valueName":"search_term_string"}}],"inLanguage":"en-US"},{"@type":"Organization","@id":"https:\/\/softengweb-90d2a82e0e-cxfthwd4h9efe5c6.z02.azurefd.net\/en\/#organization","name":"Softeng","url":"https:\/\/softengweb-90d2a82e0e-cxfthwd4h9efe5c6.z02.azurefd.net\/en\/","logo":{"@type":"ImageObject","inLanguage":"en-US","@id":"https:\/\/softengweb-90d2a82e0e-cxfthwd4h9efe5c6.z02.azurefd.net\/en\/#\/schema\/logo\/image\/","url":"\/wp-content\/uploads\/2024\/11\/Logotipo-para-SEOYoast.png","contentUrl":"\/wp-content\/uploads\/2024\/11\/Logotipo-para-SEOYoast.png","width":696,"height":696,"caption":"Softeng"},"image":{"@id":"https:\/\/softengweb-90d2a82e0e-cxfthwd4h9efe5c6.z02.azurefd.net\/en\/#\/schema\/logo\/image\/"},"sameAs":["https:\/\/www.linkedin.com\/company\/softeng\/","https:\/\/www.youtube.com\/@SoftengSL"]}]}},"_links":{"self":[{"href":"https:\/\/softengweb-90d2a82e0e-cxfthwd4h9efe5c6.z02.azurefd.net\/en\/wp-json\/wp\/v2\/pages\/3273","targetHints":{"allow":["GET"]}}],"collection":[{"href":"https:\/\/softengweb-90d2a82e0e-cxfthwd4h9efe5c6.z02.azurefd.net\/en\/wp-json\/wp\/v2\/pages"}],"about":[{"href":"https:\/\/softengweb-90d2a82e0e-cxfthwd4h9efe5c6.z02.azurefd.net\/en\/wp-json\/wp\/v2\/types\/page"}],"author":[{"embeddable":true,"href":"https:\/\/softengweb-90d2a82e0e-cxfthwd4h9efe5c6.z02.azurefd.net\/en\/wp-json\/wp\/v2\/users\/2"}],"replies":[{"embeddable":true,"href":"https:\/\/softengweb-90d2a82e0e-cxfthwd4h9efe5c6.z02.azurefd.net\/en\/wp-json\/wp\/v2\/comments?post=3273"}],"version-history":[{"count":1,"href":"https:\/\/softengweb-90d2a82e0e-cxfthwd4h9efe5c6.z02.azurefd.net\/en\/wp-json\/wp\/v2\/pages\/3273\/revisions"}],"predecessor-version":[{"id":38309,"href":"https:\/\/softengweb-90d2a82e0e-cxfthwd4h9efe5c6.z02.azurefd.net\/en\/wp-json\/wp\/v2\/pages\/3273\/revisions\/38309"}],"wp:attachment":[{"href":"https:\/\/softengweb-90d2a82e0e-cxfthwd4h9efe5c6.z02.azurefd.net\/en\/wp-json\/wp\/v2\/media?parent=3273"}],"curies":[{"name":"wp","href":"https:\/\/api.w.org\/{rel}","templated":true}]}}