{"id":3010,"date":"2023-08-09T08:52:35","date_gmt":"2023-08-09T06:52:35","guid":{"rendered":"https:\/\/softengweb-90d2a82e0e-cxfthwd4h9efe5c6.z02.azurefd.net\/blog\/"},"modified":"2025-11-06T11:04:48","modified_gmt":"2025-11-06T10:04:48","slug":"blog","status":"publish","type":"page","link":"https:\/\/softengweb-90d2a82e0e-cxfthwd4h9efe5c6.z02.azurefd.net\/en\/blog\/","title":{"rendered":"Blog"},"content":{"rendered":"<div class=\"wpb-content-wrapper\"><p>[vc_row full_width=&#8221;stretch_row&#8221; el_class=&#8221;section-header-default section-header-little section-header-button-text header-trama-deslizado&#8221;][vc_column][vc_wp_text el_class=&#8221;title-1&#8243;]<\/p>\n<h1>Blog<\/h1>\n<p>[\/vc_wp_text][\/vc_column][\/vc_row][vc_row][vc_column]<div class=\"ult-spacer spacer-69e31eed431c2\" data-id=\"69e31eed431c2\" data-height=\"65\" data-height-mobile=\"45\" data-height-tab=\"45\" data-height-tab-portrait=\"45\" data-height-mobile-landscape=\"45\" style=\"clear:both;display:block;\"><\/div>[vc_wp_text el_class=&#8221;blog-section-page&#8221;]<div class=\"search-filter-results\" id=\"search-filter-results-3011\"><div class='section-posts'><div class='blog-post blog-type-post transition-ease-out transition-section'><a class='blog-post-link' href='https:\/\/softengweb-90d2a82e0e-cxfthwd4h9efe5c6.z02.azurefd.net\/en\/blog\/5-causes-that-make-your-company-more-vulnerable-to-a-cyberattack\/'><div class='blog-post-container'><div class='blog-post-image' style='background-image: url(\/wp-content\/uploads\/2025\/02\/5-causas-de-los-ciberataques.jpg);'><\/div><p class='blog-post-title'><span class='category-eventos' slug='cybersecurity'>CYBERSECURITY<\/span> <\/p><p class='blog-post-subtitle'>[vc_row][vc_column][vc_column_text el_class=&#8221;section-post-default&#8221;]Any company can be the victim of a cyberattack. However, there are five main causes that make companies even more vulnerable, leaving the door wide open to be attacked very easily. Do you identify any of them in your company? According to Microsoft&#8217;s Data Security Index, 83% of organizations have suffered more than one [&hellip;]<\/p><\/div><p class='blog-post-descubre-mas'>View more<span class='fa-solid fa-arrow-right-long'><\/span><\/p><\/a><\/div><div class='blog-post blog-type-post transition-ease-out transition-section'><a class='blog-post-link' href='https:\/\/softengweb-90d2a82e0e-cxfthwd4h9efe5c6.z02.azurefd.net\/en\/blog\/3-cultural-shifts-an-it-leader-must-drive-in-the-age-of-ai\/'><div class='blog-post-container'><div class='blog-post-image' style='background-image: url(\/wp-content\/uploads\/2024\/03\/Creatividad-blog-personas-copy-3.jpg);'><\/div><p class='blog-post-title'><span class='category-eventos' slug='data-ai-en'>DATA &amp; AI<\/span> <\/p><p class='blog-post-subtitle'>[vc_row][vc_column][vc_column_text el_class=&#8221;section-post-default&#8221;]El hype sobre la inteligencia artificial generativa ha creado tantas expectativas que muchos l\u00edderes de negocio quieren implementarla r\u00e1pidamente en sus organizaciones. Sin embargo, es primordial comprender primero que para tener los mejores resultados es necesaria una transformaci\u00f3n mucho m\u00e1s profunda basada en la simplificaci\u00f3n, los datos y la ciberseguridad. Los l\u00edderes de negocio [&hellip;]<\/p><\/div><p class='blog-post-descubre-mas'>View more<span class='fa-solid fa-arrow-right-long'><\/span><\/p><\/a><\/div><div class='blog-post blog-type-post transition-ease-out transition-section'><a class='blog-post-link' href='https:\/\/softengweb-90d2a82e0e-cxfthwd4h9efe5c6.z02.azurefd.net\/en\/blog\/the-good-guy-the-ceo-and-the-bad-guy-in-your-companys-cybersecurity\/'><div class='blog-post-container'><div class='blog-post-image' style='background-image: url(\/wp-content\/uploads\/2025\/02\/Carlos-Colell-CEO-de-Softeng-scaled-e1740752328765.jpg);'><\/div><p class='blog-post-title'><span class='category-eventos' slug='cybersecurity'>CYBERSECURITY<\/span> <\/p><p class='blog-post-subtitle'>[vc_row el_class=&#8221;section-post-default&#8221;][vc_column][vc_column_text el_class=&#8221;section-post-default&#8221;]Cyber resilience has become a critical business asset, dividing companies into two: those that are prepared and those that are sitting ducks (even if they don&#8217;t know it). In this article, I analyze the role of the three key players in this story, whose decisions can change the fate of (your) company forever. [&hellip;]<\/p><\/div><p class='blog-post-descubre-mas'>View more<span class='fa-solid fa-arrow-right-long'><\/span><\/p><\/a><\/div><div class='blog-post blog-type-post transition-ease-out transition-section'><a class='blog-post-link' href='https:\/\/softengweb-90d2a82e0e-cxfthwd4h9efe5c6.z02.azurefd.net\/en\/blog\/what-all-cios-seek-but-few-achieve\/'><div class='blog-post-container'><div class='blog-post-image' style='background-image: url(\/wp-content\/uploads\/2024\/10\/Imagen-Alex-1.jpg);'><\/div><p class='blog-post-title'><span class='category-eventos' slug='cybersecurity'>CYBERSECURITY<\/span> <\/p><p class='blog-post-subtitle'>[vc_row][vc_column][vc_column_text el_class=&#8221;section-post-default&#8221;]Last month I had the pleasure of participating as a speaker at several events related to cybersecurity. Between speeches, coffees and brief talks with CIOs and CISOs, we agreed that everyone is looking to ensure business continuity, but few succeed because they are missing an essential piece. I&#8217;ll tell you what it is in [&hellip;]<\/p><\/div><p class='blog-post-descubre-mas'>View more<span class='fa-solid fa-arrow-right-long'><\/span><\/p><\/a><\/div><div class='blog-post blog-type-post transition-ease-out transition-section'><a class='blog-post-link' href='https:\/\/softengweb-90d2a82e0e-cxfthwd4h9efe5c6.z02.azurefd.net\/en\/blog\/generative-ai-brings-us-the-next-wave-of-hyperautomation\/'><div class='blog-post-container'><div class='blog-post-image' style='background-image: url(\/wp-content\/uploads\/2024\/10\/Imagen-Marc-baja-scaled.jpg);'><\/div><p class='blog-post-title'><span class='category-eventos' slug='digitalization'>DIGITALIZATION<\/span> <\/p><p class='blog-post-subtitle'>[vc_row][vc_column][vc_column_text el_class=&#8221;section-post-default&#8221;]Mega. Super. Ultra. I love the effect of superlative prefixes to maximize the meaning of words. In process engineering, hyper-automation comes from the idea of extending and intensifying the automation of tasks with the help of the most innovative technologies and methodologies, such as Artificial Intelligence, Automatic Process Robotization and others, all with the [&hellip;]<\/p><\/div><p class='blog-post-descubre-mas'>View more<span class='fa-solid fa-arrow-right-long'><\/span><\/p><\/a><\/div><div class='blog-post blog-type-post transition-ease-out transition-section'><a class='blog-post-link' href='https:\/\/softengweb-90d2a82e0e-cxfthwd4h9efe5c6.z02.azurefd.net\/en\/blog\/creating-resources-in-azure-is-very-easy-but-few-get-it-right\/'><div class='blog-post-container'><div class='blog-post-image' style='background-image: url(\/wp-content\/uploads\/2024\/10\/Jordi-Fernandez-Cloud-Solutions-Lead-de-Softeng-scaled.jpg);'><\/div><p class='blog-post-title'><span class='category-eventos' slug='cloud-infrastructure-en'>CLOUD INFRASTRUCTURE<\/span> <\/p><p class='blog-post-subtitle'>[vc_row][vc_column][vc_column_text el_class=&#8221;section-post-default&#8221;]I remember when companies could go five, ten or more years without changing or evolving &#8211; those of you of my generation know what I mean. Today everything is moving so fast that it is essential for digitally ambitious companies to be agile, very agile. Agility to keep moving at the same pace as [&hellip;]<\/p><\/div><p class='blog-post-descubre-mas'>View more<span class='fa-solid fa-arrow-right-long'><\/span><\/p><\/a><\/div><div class='blog-post blog-type-post transition-ease-out transition-section'><a class='blog-post-link' href='https:\/\/softengweb-90d2a82e0e-cxfthwd4h9efe5c6.z02.azurefd.net\/en\/blog\/spain-central-top-3-benefits-of-migrating-your-cloud-resources-to-spain\/'><div class='blog-post-container'><div class='blog-post-image' style='background-image: url(\/wp-content\/uploads\/2024\/10\/Beneficios-region-cloud-de-Microsoft-en-Espana.jpg);'><\/div><p class='blog-post-title'><span class='category-eventos' slug='cloud-infrastructure-en'>CLOUD INFRASTRUCTURE<\/span> <\/p><p class='blog-post-subtitle'>[vc_row][vc_column][vc_column_text el_class=&#8221;section-post-default&#8221;]Since Microsoft launched its first cloud region in Madrid more than seven months ago, we have been exploring in depth what benefits enterprises can take advantage of today, where to start migrating infrastructure and how to do it. Here are the benefits of migrating your infrastructure to Spain. The cloud data center, Spain Central, [&hellip;]<\/p><\/div><p class='blog-post-descubre-mas'>View more<span class='fa-solid fa-arrow-right-long'><\/span><\/p><\/a><\/div><div class='blog-post blog-type-post transition-ease-out transition-section'><a class='blog-post-link' href='https:\/\/softengweb-90d2a82e0e-cxfthwd4h9efe5c6.z02.azurefd.net\/en\/blog\/spain-central-where-to-start-migrating-your-infrastructure-to-microsofts-data-center-in-spain\/'><div class='blog-post-container'><div class='blog-post-image' style='background-image: url(\/wp-content\/uploads\/2024\/10\/Por-donde-empezar-una-migracion-cloud-2.jpg);'><\/div><p class='blog-post-title'><span class='category-eventos' slug='cloud-infrastructure-en'>CLOUD INFRASTRUCTURE<\/span> <\/p><p class='blog-post-subtitle'>[vc_row][vc_column][vc_column_text el_class=&#8221;section-post-default&#8221;]If your company operates in Spain, it is probably time to migrate your resources to Spain Central, Microsoft&#8217;s new cloud region in Madrid. Being a new region with a lot of potential, we must take into account that there are resources that are not yet available, but they will increase progressively. Therefore, the most [&hellip;]<\/p><\/div><p class='blog-post-descubre-mas'>View more<span class='fa-solid fa-arrow-right-long'><\/span><\/p><\/a><\/div><div class='blog-post blog-type-post transition-ease-out transition-section'><a class='blog-post-link' href='https:\/\/softengweb-90d2a82e0e-cxfthwd4h9efe5c6.z02.azurefd.net\/en\/blog\/3-alarming-signs-that-put-the-value-of-your-data-at-risk\/'><div class='blog-post-container'><div class='blog-post-image' style='background-image: url(\/wp-content\/uploads\/2024\/07\/3-indicios-alarmantes-que-ponen-en-riesgo-el-valor-de-tus-datos.jpg);'><\/div><p class='blog-post-title'><span class='category-eventos' slug='data-ai-en'>DATA &amp; AI<\/span> <\/p><p class='blog-post-subtitle'>[vc_row el_class=&#8221;section-post-default&#8221;][vc_column][vc_column_text]Since the launch of Copilot, there has been no talk of anything else. However, there is another essential player on the AI board: data. Our Data and AI experts have identified 3 alarming signs that all organizations should take into account to know if they are putting the value of their data and, consequently, [&hellip;]<\/p><\/div><p class='blog-post-descubre-mas'>View more<span class='fa-solid fa-arrow-right-long'><\/span><\/p><\/a><\/div><div class='blog-post blog-type-post transition-ease-out transition-section'><a class='blog-post-link' href='https:\/\/softengweb-90d2a82e0e-cxfthwd4h9efe5c6.z02.azurefd.net\/en\/blog\/the-limits-of-the-magic-of-copilot-for-microsoft-365\/'><div class='blog-post-container'><div class='blog-post-image' style='background-image: url(\/wp-content\/uploads\/2024\/06\/Limitaciones-de-Copilot-para-M365.jpg);'><\/div><p class='blog-post-title'><span class='category-eventos' slug='data-ai-en'>DATA &amp; AI<\/span> <\/p><p class='blog-post-subtitle'>[vc_row][vc_column][vc_column_text css=&#8221;&#8221; el_class=&#8221;section-post-default&#8221;]Since its release for companies of all sizes, Copilot for Microsoft 365 has become the album chrome that all IT leaders want to have. However, we have identified that many companies still have questions about the value it brings and its limitations. In this article, we share the limits of the magic of [&hellip;]<\/p><\/div><p class='blog-post-descubre-mas'>View more<span class='fa-solid fa-arrow-right-long'><\/span><\/p><\/a><\/div><div class='blog-post blog-type-post transition-ease-out transition-section'><a class='blog-post-link' href='https:\/\/softengweb-90d2a82e0e-cxfthwd4h9efe5c6.z02.azurefd.net\/en\/blog\/the-6-keys-to-protect-your-data-and-ensure-secure-adoption-of-copilot\/'><div class='blog-post-container'><div class='blog-post-image' style='background-image: url(\/wp-content\/uploads\/2024\/06\/adopcion-segura-de-Copilot-1.jpg);'><\/div><p class='blog-post-title'><span class='category-eventos' slug='data-ai-en'>DATA &amp; AI<\/span> <\/p><p class='blog-post-subtitle'>[vc_row][vc_column el_class=&#8221;section-post-default&#8221;][vc_column_text el_class=&#8221;section-post-default&#8221;]One thing should be clear: artificial intelligence carries risks, but it is not dangerous in itself. That is, if it is not adopted safely, it will expose security breaches and vulnerabilities in your organization that you may never have taken into account until now. Not only that, but you will also face financial [&hellip;]<\/p><\/div><p class='blog-post-descubre-mas'>View more<span class='fa-solid fa-arrow-right-long'><\/span><\/p><\/a><\/div><div class='blog-post blog-type-post transition-ease-out transition-section'><a class='blog-post-link' href='https:\/\/softengweb-90d2a82e0e-cxfthwd4h9efe5c6.z02.azurefd.net\/en\/blog\/como-la-tecnologia-es-clave-para-obtener-ventajas-competitivas\/'><div class='blog-post-container'><div class='blog-post-image' style='background-image: url(\/wp-content\/uploads\/2024\/03\/Creatividad-blog-personas-copy-4-3.jpg);'><\/div><p class='blog-post-title'><span class='category-eventos' slug='data-ai-en'>DATA &amp; AI<\/span> <span class='category-eventos' slug='microsoft-en'>MICROSOFT<\/span> <\/p><p class='blog-post-subtitle'>[vc_row][vc_column el_class=&#8221;section-post-default&#8221;][vc_column_text el_class=&#8221;section-post-default&#8221;]Business leaders are challenged to make sound technology decisions that will enable them to move forward to take full advantage of generative artificial intelligence. But with so many tools and solutions available? How do you know which is the best option? While digital innovation is advancing at an accelerated pace, especially in recent [&hellip;]<\/p><\/div><p class='blog-post-descubre-mas'>View more<span class='fa-solid fa-arrow-right-long'><\/span><\/p><\/a><\/div><\/div>\t<div class=\"pagination\">\n        <div class=\"paginacion-prev\">\n            <p><a href='#prev' id='pagination-prev'>Previous<\/a><\/p>        <\/div>\n        <div class=\"paginacion-numeros\">\n            <div class='wp-pagenavi' role='navigation'>\n<span class='pages'>P\u00e1gina 1 de 14<\/span><span aria-current='page' class='current'>1<\/span><a class=\"page larger\" title=\"Page 2\" href=\"https:\/\/softengweb-90d2a82e0e-cxfthwd4h9efe5c6.z02.azurefd.net\/en\/blog\/?sf_paged=2\">2<\/a><a class=\"page larger\" title=\"Page 3\" href=\"https:\/\/softengweb-90d2a82e0e-cxfthwd4h9efe5c6.z02.azurefd.net\/en\/blog\/?sf_paged=3\">3<\/a><a class=\"page larger\" title=\"Page 4\" href=\"https:\/\/softengweb-90d2a82e0e-cxfthwd4h9efe5c6.z02.azurefd.net\/en\/blog\/?sf_paged=4\">4<\/a><a class=\"page larger\" title=\"Page 5\" href=\"https:\/\/softengweb-90d2a82e0e-cxfthwd4h9efe5c6.z02.azurefd.net\/en\/blog\/?sf_paged=5\">5<\/a><span class='extend'>...<\/span><a class=\"larger page\" title=\"Page 10\" href=\"https:\/\/softengweb-90d2a82e0e-cxfthwd4h9efe5c6.z02.azurefd.net\/en\/blog\/?sf_paged=10\">10<\/a><span class='extend'>...<\/span><a class=\"nextpostslink\" rel=\"next\" aria-label=\"Next Page\" href=\"https:\/\/softengweb-90d2a82e0e-cxfthwd4h9efe5c6.z02.azurefd.net\/en\/blog\/?sf_paged=2\">&raquo;<\/a><a class=\"last\" aria-label=\"Last Page\" href=\"https:\/\/softengweb-90d2a82e0e-cxfthwd4h9efe5c6.z02.azurefd.net\/en\/blog\/?sf_paged=14\">\u00daltima &raquo;<\/a>\n<\/div>        <\/div>\n        <div class=\"paginacion-next\">\n            <p><a href='#next' id='pagination-next'>Next<\/a><\/p>        <\/div>\n\t<\/div>\n\t<\/div>[\/vc_wp_text]<div class=\"ult-spacer spacer-69e31eed61e4d\" data-id=\"69e31eed61e4d\" data-height=\"65\" data-height-mobile=\"45\" data-height-tab=\"45\" data-height-tab-portrait=\"45\" data-height-mobile-landscape=\"45\" style=\"clear:both;display:block;\"><\/div>[\/vc_column][\/vc_row]<\/p>\n<\/div>","protected":false},"excerpt":{"rendered":"<p>[vc_row full_width=&#8221;stretch_row&#8221; el_class=&#8221;section-header-default section-header-little section-header-button-text header-trama-deslizado&#8221;][vc_column][vc_wp_text el_class=&#8221;title-1&#8243;] Blog [\/vc_wp_text][\/vc_column][\/vc_row][vc_row][vc_column][vc_wp_text el_class=&#8221;blog-section-page&#8221;][\/vc_wp_text][\/vc_column][\/vc_row]<\/p>\n","protected":false},"author":3,"featured_media":0,"parent":0,"menu_order":0,"comment_status":"closed","ping_status":"closed","template":"","meta":{"_acf_changed":false,"footnotes":""},"class_list":["post-3010","page","type-page","status-publish","hentry"],"acf":[],"yoast_head":"<!-- This site is optimized with the Yoast SEO plugin v27.2 - https:\/\/yoast.com\/product\/yoast-seo-wordpress\/ -->\n<title>Blog - Softeng<\/title>\n<meta name=\"robots\" content=\"noindex, follow, max-snippet:-1, max-image-preview:large, max-video-preview:-1\" \/>\n<meta property=\"og:locale\" content=\"en_US\" \/>\n<meta property=\"og:type\" content=\"article\" \/>\n<meta property=\"og:title\" content=\"Blog - Softeng\" \/>\n<meta property=\"og:description\" content=\"[vc_row full_width=&#8221;stretch_row&#8221; el_class=&#8221;section-header-default section-header-little section-header-button-text header-trama-deslizado&#8221;][vc_column][vc_wp_text el_class=&#8221;title-1&#8243;] Blog [\/vc_wp_text][\/vc_column][\/vc_row][vc_row][vc_column][vc_wp_text el_class=&#8221;blog-section-page&#8221;][\/vc_wp_text][\/vc_column][\/vc_row]\" \/>\n<meta property=\"og:url\" content=\"https:\/\/softengweb-90d2a82e0e-cxfthwd4h9efe5c6.z02.azurefd.net\/en\/blog\/\" \/>\n<meta property=\"og:site_name\" content=\"Softeng\" \/>\n<meta property=\"article:modified_time\" content=\"2025-11-06T10:04:48+00:00\" \/>\n<meta name=\"twitter:card\" content=\"summary_large_image\" \/>\n<meta name=\"twitter:label1\" content=\"Est. reading time\" \/>\n\t<meta name=\"twitter:data1\" content=\"1 minute\" \/>\n<script type=\"application\/ld+json\" class=\"yoast-schema-graph\">{\"@context\":\"https:\/\/schema.org\",\"@graph\":[{\"@type\":\"WebPage\",\"@id\":\"https:\/\/softengweb-90d2a82e0e-cxfthwd4h9efe5c6.z02.azurefd.net\/en\/blog\/\",\"url\":\"https:\/\/softengweb-90d2a82e0e-cxfthwd4h9efe5c6.z02.azurefd.net\/en\/blog\/\",\"name\":\"Blog - Softeng\",\"isPartOf\":{\"@id\":\"https:\/\/softengweb-90d2a82e0e-cxfthwd4h9efe5c6.z02.azurefd.net\/en\/#website\"},\"datePublished\":\"2023-08-09T06:52:35+00:00\",\"dateModified\":\"2025-11-06T10:04:48+00:00\",\"breadcrumb\":{\"@id\":\"https:\/\/softengweb-90d2a82e0e-cxfthwd4h9efe5c6.z02.azurefd.net\/en\/blog\/#breadcrumb\"},\"inLanguage\":\"en-US\",\"potentialAction\":[{\"@type\":\"ReadAction\",\"target\":[\"https:\/\/softengweb-90d2a82e0e-cxfthwd4h9efe5c6.z02.azurefd.net\/en\/blog\/\"]}]},{\"@type\":\"BreadcrumbList\",\"@id\":\"https:\/\/softengweb-90d2a82e0e-cxfthwd4h9efe5c6.z02.azurefd.net\/en\/blog\/#breadcrumb\",\"itemListElement\":[{\"@type\":\"ListItem\",\"position\":1,\"name\":\"Home\",\"item\":\"https:\/\/softengweb-90d2a82e0e-cxfthwd4h9efe5c6.z02.azurefd.net\/en\/\"},{\"@type\":\"ListItem\",\"position\":2,\"name\":\"Blog\"}]},{\"@type\":\"WebSite\",\"@id\":\"https:\/\/softengweb-90d2a82e0e-cxfthwd4h9efe5c6.z02.azurefd.net\/en\/#website\",\"url\":\"https:\/\/softengweb-90d2a82e0e-cxfthwd4h9efe5c6.z02.azurefd.net\/en\/\",\"name\":\"Softeng\",\"description\":\"Softeng | Maximize the cloud. Securely.\",\"publisher\":{\"@id\":\"https:\/\/softengweb-90d2a82e0e-cxfthwd4h9efe5c6.z02.azurefd.net\/en\/#organization\"},\"potentialAction\":[{\"@type\":\"SearchAction\",\"target\":{\"@type\":\"EntryPoint\",\"urlTemplate\":\"https:\/\/softengweb-90d2a82e0e-cxfthwd4h9efe5c6.z02.azurefd.net\/en\/?s={search_term_string}\"},\"query-input\":{\"@type\":\"PropertyValueSpecification\",\"valueRequired\":true,\"valueName\":\"search_term_string\"}}],\"inLanguage\":\"en-US\"},{\"@type\":\"Organization\",\"@id\":\"https:\/\/softengweb-90d2a82e0e-cxfthwd4h9efe5c6.z02.azurefd.net\/en\/#organization\",\"name\":\"Softeng\",\"url\":\"https:\/\/softengweb-90d2a82e0e-cxfthwd4h9efe5c6.z02.azurefd.net\/en\/\",\"logo\":{\"@type\":\"ImageObject\",\"inLanguage\":\"en-US\",\"@id\":\"https:\/\/softengweb-90d2a82e0e-cxfthwd4h9efe5c6.z02.azurefd.net\/en\/#\/schema\/logo\/image\/\",\"url\":\"\/wp-content\/uploads\/2024\/11\/Logotipo-para-SEOYoast.png\",\"contentUrl\":\"\/wp-content\/uploads\/2024\/11\/Logotipo-para-SEOYoast.png\",\"width\":696,\"height\":696,\"caption\":\"Softeng\"},\"image\":{\"@id\":\"https:\/\/softengweb-90d2a82e0e-cxfthwd4h9efe5c6.z02.azurefd.net\/en\/#\/schema\/logo\/image\/\"},\"sameAs\":[\"https:\/\/www.linkedin.com\/company\/softeng\/\",\"https:\/\/www.youtube.com\/@SoftengSL\"]}]}<\/script>\n<!-- \/ Yoast SEO plugin. -->","yoast_head_json":{"title":"Blog - Softeng","robots":{"index":"noindex","follow":"follow","max-snippet":"max-snippet:-1","max-image-preview":"max-image-preview:large","max-video-preview":"max-video-preview:-1"},"og_locale":"en_US","og_type":"article","og_title":"Blog - Softeng","og_description":"[vc_row full_width=&#8221;stretch_row&#8221; el_class=&#8221;section-header-default section-header-little section-header-button-text header-trama-deslizado&#8221;][vc_column][vc_wp_text el_class=&#8221;title-1&#8243;] Blog [\/vc_wp_text][\/vc_column][\/vc_row][vc_row][vc_column][vc_wp_text el_class=&#8221;blog-section-page&#8221;][\/vc_wp_text][\/vc_column][\/vc_row]","og_url":"https:\/\/softengweb-90d2a82e0e-cxfthwd4h9efe5c6.z02.azurefd.net\/en\/blog\/","og_site_name":"Softeng","article_modified_time":"2025-11-06T10:04:48+00:00","twitter_card":"summary_large_image","twitter_misc":{"Est. reading time":"1 minute"},"schema":{"@context":"https:\/\/schema.org","@graph":[{"@type":"WebPage","@id":"https:\/\/softengweb-90d2a82e0e-cxfthwd4h9efe5c6.z02.azurefd.net\/en\/blog\/","url":"https:\/\/softengweb-90d2a82e0e-cxfthwd4h9efe5c6.z02.azurefd.net\/en\/blog\/","name":"Blog - Softeng","isPartOf":{"@id":"https:\/\/softengweb-90d2a82e0e-cxfthwd4h9efe5c6.z02.azurefd.net\/en\/#website"},"datePublished":"2023-08-09T06:52:35+00:00","dateModified":"2025-11-06T10:04:48+00:00","breadcrumb":{"@id":"https:\/\/softengweb-90d2a82e0e-cxfthwd4h9efe5c6.z02.azurefd.net\/en\/blog\/#breadcrumb"},"inLanguage":"en-US","potentialAction":[{"@type":"ReadAction","target":["https:\/\/softengweb-90d2a82e0e-cxfthwd4h9efe5c6.z02.azurefd.net\/en\/blog\/"]}]},{"@type":"BreadcrumbList","@id":"https:\/\/softengweb-90d2a82e0e-cxfthwd4h9efe5c6.z02.azurefd.net\/en\/blog\/#breadcrumb","itemListElement":[{"@type":"ListItem","position":1,"name":"Home","item":"https:\/\/softengweb-90d2a82e0e-cxfthwd4h9efe5c6.z02.azurefd.net\/en\/"},{"@type":"ListItem","position":2,"name":"Blog"}]},{"@type":"WebSite","@id":"https:\/\/softengweb-90d2a82e0e-cxfthwd4h9efe5c6.z02.azurefd.net\/en\/#website","url":"https:\/\/softengweb-90d2a82e0e-cxfthwd4h9efe5c6.z02.azurefd.net\/en\/","name":"Softeng","description":"Softeng | Maximize the cloud. Securely.","publisher":{"@id":"https:\/\/softengweb-90d2a82e0e-cxfthwd4h9efe5c6.z02.azurefd.net\/en\/#organization"},"potentialAction":[{"@type":"SearchAction","target":{"@type":"EntryPoint","urlTemplate":"https:\/\/softengweb-90d2a82e0e-cxfthwd4h9efe5c6.z02.azurefd.net\/en\/?s={search_term_string}"},"query-input":{"@type":"PropertyValueSpecification","valueRequired":true,"valueName":"search_term_string"}}],"inLanguage":"en-US"},{"@type":"Organization","@id":"https:\/\/softengweb-90d2a82e0e-cxfthwd4h9efe5c6.z02.azurefd.net\/en\/#organization","name":"Softeng","url":"https:\/\/softengweb-90d2a82e0e-cxfthwd4h9efe5c6.z02.azurefd.net\/en\/","logo":{"@type":"ImageObject","inLanguage":"en-US","@id":"https:\/\/softengweb-90d2a82e0e-cxfthwd4h9efe5c6.z02.azurefd.net\/en\/#\/schema\/logo\/image\/","url":"\/wp-content\/uploads\/2024\/11\/Logotipo-para-SEOYoast.png","contentUrl":"\/wp-content\/uploads\/2024\/11\/Logotipo-para-SEOYoast.png","width":696,"height":696,"caption":"Softeng"},"image":{"@id":"https:\/\/softengweb-90d2a82e0e-cxfthwd4h9efe5c6.z02.azurefd.net\/en\/#\/schema\/logo\/image\/"},"sameAs":["https:\/\/www.linkedin.com\/company\/softeng\/","https:\/\/www.youtube.com\/@SoftengSL"]}]}},"_links":{"self":[{"href":"https:\/\/softengweb-90d2a82e0e-cxfthwd4h9efe5c6.z02.azurefd.net\/en\/wp-json\/wp\/v2\/pages\/3010","targetHints":{"allow":["GET"]}}],"collection":[{"href":"https:\/\/softengweb-90d2a82e0e-cxfthwd4h9efe5c6.z02.azurefd.net\/en\/wp-json\/wp\/v2\/pages"}],"about":[{"href":"https:\/\/softengweb-90d2a82e0e-cxfthwd4h9efe5c6.z02.azurefd.net\/en\/wp-json\/wp\/v2\/types\/page"}],"author":[{"embeddable":true,"href":"https:\/\/softengweb-90d2a82e0e-cxfthwd4h9efe5c6.z02.azurefd.net\/en\/wp-json\/wp\/v2\/users\/3"}],"replies":[{"embeddable":true,"href":"https:\/\/softengweb-90d2a82e0e-cxfthwd4h9efe5c6.z02.azurefd.net\/en\/wp-json\/wp\/v2\/comments?post=3010"}],"version-history":[{"count":1,"href":"https:\/\/softengweb-90d2a82e0e-cxfthwd4h9efe5c6.z02.azurefd.net\/en\/wp-json\/wp\/v2\/pages\/3010\/revisions"}],"predecessor-version":[{"id":51285,"href":"https:\/\/softengweb-90d2a82e0e-cxfthwd4h9efe5c6.z02.azurefd.net\/en\/wp-json\/wp\/v2\/pages\/3010\/revisions\/51285"}],"wp:attachment":[{"href":"https:\/\/softengweb-90d2a82e0e-cxfthwd4h9efe5c6.z02.azurefd.net\/en\/wp-json\/wp\/v2\/media?parent=3010"}],"curies":[{"name":"wp","href":"https:\/\/api.w.org\/{rel}","templated":true}]}}